{"id":1114,"date":"2020-07-17T16:03:12","date_gmt":"2020-07-17T14:03:12","guid":{"rendered":"https:\/\/www.alphat2.fr\/?page_id=1114"},"modified":"2020-07-17T16:54:50","modified_gmt":"2020-07-17T14:54:50","slug":"1114-2","status":"publish","type":"page","link":"https:\/\/www.alphat2.fr\/index.php\/1114-2\/","title":{"rendered":"pr\u00e9sentation"},"content":{"rendered":"<\/p>\r\n<p style=\"text-align: center;\">Nos formateurs sont \u00e9videment aussi form\u00e9s aux m\u00e9thodes de l&#8217;APC, nous disposons de concepteur de formation, et de formateurs accompagnateurs.<\/p>\r\n<p>&nbsp;<\/p>\r\n<p class=\"has-text-align-center\" style=\"text-align: center;\"><strong>vous voulez <\/strong><\/p>\r\n<ol>\r\n<li style=\"text-align: center;\"><strong>une formation pour vos personnels ?<\/strong><\/li>\r\n<li style=\"text-align: center;\"><strong>Respecter les crit\u00e8res physiologiques reconnus internationalement ?<\/strong><\/li>\r\n<li style=\"text-align: center;\"><strong>Proposer des formations qui correspondent \u00e0 vos besoins ?<\/strong><\/li>\r\n<li style=\"text-align: center;\"><strong>Prot\u00e9ger vos stagiaires, vos formateurs et vos \u00e9quipements<\/strong><br \/><strong><\/strong><\/li>\r\n<li style=\"list-style-type: none;\">\r\n<ul>\r\n<li style=\"text-align: center;\"><strong><\/strong>\r\n<p><strong><\/strong><\/p>\r\n<\/li>\r\n<li style=\"text-align: center;\"><strong><\/strong>\r\n<p><strong><\/strong><\/p>\r\n<\/li>\r\n<\/ul>\r\n<\/li>\r\n<\/ol>\r\n<p><br \/><\/p>\r\n\r\n\r\n\r\n<p style=\"text-align: center;\"><\/p>\r\n<p class=\"has-text-align-center\" style=\"text-align: center;\"><\/p>\r\n<p class=\"has-text-align-center has-medium-font-size\" style=\"text-align: center;\"><strong>Alpha<span class=\"has-inline-color has-vivid-cyan-blue-color\">T<\/span>2<\/strong> a les r\u00e9ponses et peut vous aider a r\u00e9aliser de sessions de tr\u00e8s haute qualit\u00e9 avec une<strong> s\u00e9curit\u00e9 optimum<\/strong>.<\/p>\r\n<p style=\"text-align: center;\"><\/p>\r\n<p class=\"has-text-align-center\" style=\"text-align: center;\"><\/p>\r\n<p class=\"has-text-align-center\" style=\"text-align: center;\"><em><strong>Faire sans comprendre est s\u00fbrement aussi dangereux que de ne rien faire<\/strong><\/em><\/p>\r\n<p style=\"text-align: center;\"><\/p>\r\n<p class=\"has-text-align-center\" style=\"text-align: center;\"><\/p>\r\n<p class=\"has-text-align-center\" style=\"text-align: center;\">N\u2019h\u00e9sitez pas \u00e0 nous contacter pour obtenir un <a href=\"http:\/\/www.alphat2.fr\/index.php\/devis-contact\/\" target=\"_blank\" rel=\"noreferrer noopener\">devis ou de plus amples renseignements<\/a><\/p>\r\n<p style=\"text-align: center;\"><\/p>\r\n<p>&nbsp;<\/p><!-- \/wp:paragraph -->\r\n\r\n<!-- wp:column {\"width\":80} -->\r\n<div class=\"wp-block-column\" style=\"flex-basis: 80%;\"><!-- wp:paragraph {\"align\":\"left\"} -->\r\n<p class=\"has-text-align-left\" style=\"text-align: center;\"><strong>l&#8217;Association AlphaT\u00b2 Fire Simulator Facilities<\/strong> est un jeune organisme de formation sp\u00e9cialis\u00e9e dans la cr\u00e9ation et la r\u00e9alisation d\u2019actions de formation innovantes.<\/p>\r\n<!-- \/wp:paragraph -->\r\n\r\n<!-- wp:paragraph {\"align\":\"left\"} -->\r\n<p class=\"has-text-align-left\" style=\"text-align: center;\">Cr\u00e9e en 2017 sous l&#8217;impulsion de 3 instructeurs incendie, <strong>Nicolas Struski, Cyrille Cuny <\/strong>et <strong>Fred Gouby<\/strong>, qui ont eu pour id\u00e9e de mettre en commun leurs comp\u00e9tences et exp\u00e9riences au service d&#8217;une formation innovante et d\u00e9sormais reconnue dont le slogan parle de lui m\u00eame<\/p>\r\n<!-- \/wp:paragraph -->\r\n\r\n<!-- wp:paragraph {\"align\":\"center\"} -->\r\n<p class=\"has-text-align-center\" style=\"text-align: center;\"><strong>&#8220;Comprendre avant d\u2019agir&#8221;.<\/strong><\/p>\r\n<\/div>\r\n<\/div>\r\n<p>&nbsp;<\/p>\r\n<p><img loading=\"lazy\" decoding=\"async\" class=\"aligncenter wp-image-1137\" src=\"https:\/\/www.alphat2.fr\/wp-content\/uploads\/2020\/07\/3-isntruc.png\" alt=\"\" width=\"800\" height=\"436\" srcset=\"https:\/\/www.alphat2.fr\/wp-content\/uploads\/2020\/07\/3-isntruc.png 1100w, https:\/\/www.alphat2.fr\/wp-content\/uploads\/2020\/07\/3-isntruc-768x418.png 768w\" sizes=\"auto, (max-width: 800px) 100vw, 800px\" \/><\/p>\r\n<p>&nbsp;<\/p>\r\n<h5 class=\"has-text-align-center\" style=\"text-align: center;\"><em><strong>Les concepts scientifiques nous aident \u00e0 comprendre<\/strong><\/em><\/h5>\r\n<p style=\"text-align: center;\"><!-- \/wp:paragraph --><\/p>\r\n<!-- wp:paragraph {\"align\":\"left\"} -->\r\n<p>&nbsp;<\/p>\r\n<p>&nbsp;<\/p>\r\n<p style=\"text-align: center;\"><!-- \/wp:paragraph --><\/p>\r\n<!-- wp:paragraph {\"align\":\"left\"} -->\r\n<p class=\"has-text-align-left\" style=\"text-align: center;\">L\u2019approche toute particuli\u00e8re des formations que nous r\u00e9alisons est unique puisque s\u2019appuyant sur la science pour une meilleure compr\u00e9hension des savoirs li\u00e9s \u00e0 l\u2019incendie<\/p>\r\n<p style=\"text-align: center;\"><!-- \/wp:paragraph --><\/p>\r\n<!-- wp:paragraph {\"align\":\"left\"} -->\r\n<p class=\"has-text-align-left\" style=\"text-align: center;\">Nous nous appuyons sur la mod\u00e9lisation appliqu\u00e9e \u00e0 l\u2019op\u00e9rationnel, la compr\u00e9hension scientifique et par une contextualisation permanente au travers de situations r\u00e9elles, nous permettons aux apprenants de <strong>prendre ensuite la meilleure d\u00e9cision sur intervention<\/strong>.<\/p>\r\n<p>&nbsp;<\/p>\r\n<p style=\"text-align: center;\"><!-- \/wp:paragraph --><\/p>\r\n<!-- wp:paragraph {\"align\":\"left\"} -->\r\n<p style=\"text-align: center;\"><!-- \/wp:paragraph --><\/p>\r\n<!-- wp:paragraph {\"align\":\"left\"} -->\r\n<p class=\"has-text-align-left\" style=\"text-align: center;\">Tout en respectant scrupuleusement la doctrine de l&#8217;\u00e9tablissement\u00a0 auquel ils appartiennent ( SDIS de France, structures priv\u00e9es et sapeurs-pompiers du monde entier).<\/p>\r\n<p style=\"text-align: center;\"><!-- \/wp:paragraph --><\/p>\r\n<p style=\"text-align: center;\"><!-- wp:paragraph --><\/p>\r\n<p style=\"text-align: center;\">les instructeurs d&#8217; <strong>Alpha<span class=\"has-inline-color has-vivid-cyan-blue-color\">T<\/span>\u00b2<\/strong>, sont les pr\u00e9curseurs des formations sur simulateurs foyer ferm\u00e9 classe A ( simple ou multi container) en France.<\/p>\r\n<p>&nbsp;<\/p>\r\n<p style=\"text-align: center;\"><!-- \/wp:paragraph --><\/p>\r\n<p style=\"text-align: center;\"><!-- wp:paragraph -->Ils poss\u00e8dent des centaines de brulages et des dizaines de formation de formateurs \u00e0 leur actif sur TOUT type de simulateur classe A et de ce fait poss\u00e8dent ainsi <strong>une expertise unique et reconnue<\/strong>.<\/p>\r\n<p style=\"text-align: center;\"><!-- \/wp:paragraph --><\/p>\r\n<p style=\"text-align: center;\"><!-- wp:paragraph --><\/p>\r\n<p style=\"text-align: center;\">Nos formateurs sont \u00e9videment aussi form\u00e9s aux m\u00e9thodes de l&#8217;APC, nous disposons de concepteur de formation, et de formateurs accompagnateurs.<\/p>\r\n<p>&nbsp;<\/p>\r\n<p class=\"has-text-align-center\" style=\"text-align: center;\"><strong>vous voulez <\/strong><\/p>\r\n<ol>\r\n<li style=\"text-align: center;\"><strong>une formation pour vos personnels ?<\/strong><\/li>\r\n<li style=\"text-align: center;\"><strong>Respecter les crit\u00e8res physiologiques reconnus internationalement ?<\/strong><\/li>\r\n<li style=\"text-align: center;\"><strong>Proposer des formations qui correspondent \u00e0 vos besoins ?<\/strong><\/li>\r\n<li style=\"text-align: center;\"><strong>Prot\u00e9ger vos stagiaires, vos formateurs et vos \u00e9quipements<\/strong><br \/><strong><!-- wp:paragraph {\"align\":\"center\"} --><\/strong><\/li>\r\n<li style=\"list-style-type: none;\">\r\n<ul>\r\n<li style=\"text-align: center;\"><strong><!-- \/wp:paragraph --><\/strong>\r\n<p><strong><!-- wp:paragraph {\"align\":\"center\"} --><\/strong><\/p>\r\n<\/li>\r\n<li style=\"text-align: center;\"><strong><!-- \/wp:paragraph --><\/strong>\r\n<p><strong><!-- wp:paragraph {\"align\":\"center\"} --><\/strong><\/p>\r\n<\/li>\r\n<\/ul>\r\n<\/li>\r\n<\/ol>\r\n<p><br \/><!-- wp:image {\"align\":\"center\",\"id\":1025,\"width\":300,\"height\":300,\"sizeSlug\":\"full\"} --><!-- \/wp:columns --><\/p>\r\n<!-- wp:spacer {\"height\":33} --><!-- \/wp:spacer -->\r\n\r\n<!-- wp:paragraph {\"align\":\"center\"} -->\r\n<p style=\"text-align: center;\"><!-- \/wp:paragraph --><\/p>\r\n<p class=\"has-text-align-center\" style=\"text-align: center;\"><!-- wp:paragraph {\"align\":\"center\",\"fontSize\":\"medium\"} --><\/p>\r\n<p class=\"has-text-align-center has-medium-font-size\" style=\"text-align: center;\"><strong>Alpha<span class=\"has-inline-color has-vivid-cyan-blue-color\">T<\/span>2<\/strong> a les r\u00e9ponses et peut vous aider a r\u00e9aliser de sessions de tr\u00e8s haute qualit\u00e9 avec une<strong> s\u00e9curit\u00e9 optimum<\/strong>.<\/p>\r\n<p style=\"text-align: center;\"><!-- \/wp:paragraph --><\/p>\r\n<p class=\"has-text-align-center\" style=\"text-align: center;\"><!-- wp:paragraph {\"align\":\"center\"} --><\/p>\r\n<p class=\"has-text-align-center\" style=\"text-align: center;\"><em><strong>Faire sans comprendre est s\u00fbrement aussi dangereux que de ne rien faire<\/strong><\/em><\/p>\r\n<p style=\"text-align: center;\"><!-- \/wp:paragraph --><\/p>\r\n<p class=\"has-text-align-center\" style=\"text-align: center;\"><!-- wp:paragraph {\"align\":\"center\"} --><\/p>\r\n<p class=\"has-text-align-center\" style=\"text-align: center;\">N\u2019h\u00e9sitez pas \u00e0 nous contacter pour obtenir un <a href=\"http:\/\/www.alphat2.fr\/index.php\/devis-contact\/\" target=\"_blank\" rel=\"noreferrer noopener\">devis ou de plus amples renseignements<\/a><\/p>\r\n<p style=\"text-align: center;\"><!-- \/wp:paragraph --><\/p>\r\n<p>&nbsp;<\/p><!-- \/wp:post-content --><!-- \/wp:column -->\r\n\r\n<!-- wp:columns -->\r\n<div class=\"wp-block-columns\"><!-- wp:column {\"width\":10} -->\r\n<div class=\"wp-block-column\" style=\"flex-basis: 10%; text-align: center;\">\u00a0<\/div>\r\n<!-- \/wp:column -->\r\n\r\n<!-- wp:column {\"width\":80} -->\r\n<div class=\"wp-block-column\" style=\"flex-basis: 80%;\"><!-- wp:paragraph {\"align\":\"left\"} -->\r\n<p class=\"has-text-align-left\" style=\"text-align: center;\"><strong>l&#8217;Association AlphaT\u00b2 Fire Simulator Facilities<\/strong> est un jeune organisme de formation sp\u00e9cialis\u00e9e dans la cr\u00e9ation et la r\u00e9alisation d\u2019actions de formation innovantes.<\/p>\r\n<!-- \/wp:paragraph -->\r\n\r\n<!-- wp:paragraph {\"align\":\"left\"} -->\r\n<p class=\"has-text-align-left\" style=\"text-align: center;\">Cr\u00e9e en 2017 sous l&#8217;impulsion de 3 instructeurs incendie, <strong>Nicolas Struski, Cyrille Cuny <\/strong>et <strong>Fred Gouby<\/strong>, qui ont eu pour id\u00e9e de mettre en commun leurs comp\u00e9tences et exp\u00e9riences au service d&#8217;une formation innovante et d\u00e9sormais reconnue dont le slogan parle de lui m\u00eame<\/p>\r\n<!-- \/wp:paragraph -->\r\n\r\n<!-- wp:paragraph {\"align\":\"center\"} -->\r\n<p class=\"has-text-align-center\" style=\"text-align: center;\"><strong>&#8220;Comprendre avant d\u2019agir&#8221;.<\/strong><\/p>\r\n<\/div>\r\n<\/div>\r\n<p>&nbsp;<\/p>\r\n<p><img loading=\"lazy\" decoding=\"async\" class=\"aligncenter wp-image-1137\" src=\"https:\/\/www.alphat2.fr\/wp-content\/uploads\/2020\/07\/3-isntruc.png\" alt=\"\" width=\"800\" height=\"436\" srcset=\"https:\/\/www.alphat2.fr\/wp-content\/uploads\/2020\/07\/3-isntruc.png 1100w, https:\/\/www.alphat2.fr\/wp-content\/uploads\/2020\/07\/3-isntruc-768x418.png 768w\" sizes=\"auto, (max-width: 800px) 100vw, 800px\" \/><\/p>\r\n<p>&nbsp;<\/p>\r\n<h5 class=\"has-text-align-center\" style=\"text-align: center;\"><em><strong>Les concepts scientifiques nous aident \u00e0 comprendre<\/strong><\/em><\/h5>\r\n<p style=\"text-align: center;\"><!-- \/wp:paragraph --><\/p>\r\n<!-- wp:paragraph {\"align\":\"left\"} -->\r\n<p>&nbsp;<\/p>\r\n<p>&nbsp;<\/p>\r\n<p style=\"text-align: center;\"><!-- \/wp:paragraph --><\/p>\r\n<!-- wp:paragraph {\"align\":\"left\"} -->\r\n<p class=\"has-text-align-left\" style=\"text-align: center;\">L\u2019approche toute particuli\u00e8re des formations que nous r\u00e9alisons est unique puisque s\u2019appuyant sur la science pour une meilleure compr\u00e9hension des savoirs li\u00e9s \u00e0 l\u2019incendie<\/p>\r\n<p style=\"text-align: center;\"><!-- \/wp:paragraph --><\/p>\r\n<!-- wp:paragraph {\"align\":\"left\"} -->\r\n<p class=\"has-text-align-left\" style=\"text-align: center;\">Nous nous appuyons sur la mod\u00e9lisation appliqu\u00e9e \u00e0 l\u2019op\u00e9rationnel, la compr\u00e9hension scientifique et par une contextualisation permanente au travers de situations r\u00e9elles, nous permettons aux apprenants de <strong>prendre ensuite la meilleure d\u00e9cision sur intervention<\/strong>.<\/p>\r\n<p>&nbsp;<\/p>\r\n<p style=\"text-align: center;\"><!-- \/wp:paragraph --><\/p>\r\n<!-- wp:paragraph {\"align\":\"left\"} -->\r\n<p style=\"text-align: center;\"><!-- \/wp:paragraph --><\/p>\r\n<!-- wp:paragraph {\"align\":\"left\"} -->\r\n<p class=\"has-text-align-left\" style=\"text-align: center;\">Tout en respectant scrupuleusement la doctrine de l&#8217;\u00e9tablissement\u00a0 auquel ils appartiennent ( SDIS de France, structures priv\u00e9es et sapeurs-pompiers du monde entier).<\/p>\r\n<p style=\"text-align: center;\"><!-- \/wp:paragraph --><\/p>\r\n<p style=\"text-align: center;\"><!-- wp:paragraph --><\/p>\r\n<p style=\"text-align: center;\">les instructeurs d&#8217; <strong>Alpha<span class=\"has-inline-color has-vivid-cyan-blue-color\">T<\/span>\u00b2<\/strong>, sont les pr\u00e9curseurs des formations sur simulateurs foyer ferm\u00e9 classe A ( simple ou multi container) en France.<\/p>\r\n<p>&nbsp;<\/p>\r\n<p style=\"text-align: center;\"><!-- \/wp:paragraph --><\/p>\r\n<p style=\"text-align: center;\"><!-- wp:paragraph -->Ils poss\u00e8dent des centaines de brulages et des dizaines de formation de formateurs \u00e0 leur actif sur TOUT type de simulateur classe A et de ce fait poss\u00e8dent ainsi <strong>une expertise unique et reconnue<\/strong>.<\/p>\r\n<p style=\"text-align: center;\"><!-- \/wp:paragraph --><\/p>\r\n<p style=\"text-align: center;\"><!-- wp:paragraph --><\/p>\r\n<p style=\"text-align: center;\">Nos formateurs sont \u00e9videment aussi form\u00e9s aux m\u00e9thodes de l&#8217;APC, nous disposons de concepteur de formation, et de formateurs accompagnateurs.<\/p>\r\n<p>&nbsp;<\/p>\r\n<p class=\"has-text-align-center\" style=\"text-align: center;\"><strong>vous voulez <\/strong><\/p>\r\n<ol>\r\n<li style=\"text-align: center;\"><strong>une formation pour vos personnels ?<\/strong><\/li>\r\n<li style=\"text-align: center;\"><strong>Respecter les crit\u00e8res physiologiques reconnus internationalement ?<\/strong><\/li>\r\n<li style=\"text-align: center;\"><strong>Proposer des formations qui correspondent \u00e0 vos besoins ?<\/strong><\/li>\r\n<li style=\"text-align: center;\"><strong>Prot\u00e9ger vos stagiaires, vos formateurs et vos \u00e9quipements<\/strong><br \/><strong><!-- wp:paragraph {\"align\":\"center\"} --><\/strong><\/li>\r\n<li style=\"list-style-type: none;\">\r\n<ul>\r\n<li style=\"text-align: center;\"><strong><!-- \/wp:paragraph --><\/strong>\r\n<p><strong><!-- wp:paragraph {\"align\":\"center\"} --><\/strong><\/p>\r\n<\/li>\r\n<li style=\"text-align: center;\"><strong><!-- \/wp:paragraph --><\/strong>\r\n<p><strong><!-- wp:paragraph {\"align\":\"center\"} --><\/strong><\/p>\r\n<\/li>\r\n<\/ul>\r\n<\/li>\r\n<\/ol>\r\n<p><br \/><!-- wp:image {\"align\":\"center\",\"id\":1025,\"width\":300,\"height\":300,\"sizeSlug\":\"full\"} --><!-- \/wp:columns --><\/p>\r\n<!-- wp:spacer {\"height\":33} --><!-- \/wp:spacer -->\r\n\r\n<!-- wp:paragraph {\"align\":\"center\"} -->\r\n<p style=\"text-align: center;\"><!-- \/wp:paragraph --><\/p>\r\n<p class=\"has-text-align-center\" style=\"text-align: center;\"><!-- wp:paragraph {\"align\":\"center\",\"fontSize\":\"medium\"} --><\/p>\r\n<p class=\"has-text-align-center has-medium-font-size\" style=\"text-align: center;\"><strong>Alpha<span class=\"has-inline-color has-vivid-cyan-blue-color\">T<\/span>2<\/strong> a les r\u00e9ponses et peut vous aider a r\u00e9aliser de sessions de tr\u00e8s haute qualit\u00e9 avec une<strong> s\u00e9curit\u00e9 optimum<\/strong>.<\/p>\r\n<p style=\"text-align: center;\"><!-- \/wp:paragraph --><\/p>\r\n<p class=\"has-text-align-center\" style=\"text-align: center;\"><!-- wp:paragraph {\"align\":\"center\"} --><\/p>\r\n<p class=\"has-text-align-center\" style=\"text-align: center;\"><em><strong>Faire sans comprendre est s\u00fbrement aussi dangereux que de ne rien faire<\/strong><\/em><\/p>\r\n<p style=\"text-align: center;\"><!-- \/wp:paragraph --><\/p>\r\n<p class=\"has-text-align-center\" style=\"text-align: center;\"><!-- wp:paragraph {\"align\":\"center\"} --><\/p>\r\n<p class=\"has-text-align-center\" style=\"text-align: center;\">N\u2019h\u00e9sitez pas \u00e0 nous contacter pour obtenir un <a href=\"http:\/\/www.alphat2.fr\/index.php\/devis-contact\/\" target=\"_blank\" rel=\"noreferrer noopener\">devis ou de plus amples renseignements<\/a><\/p>\r\n<p style=\"text-align: center;\"><!-- \/wp:paragraph --><\/p>\r\n<p>&nbsp;<\/p><!-- \/wp:post-content --><!-- \/wp:columns --><!-- wp:post-content --><p><br \/><!-- wp:image {\"align\":\"center\",\"id\":1025,\"width\":300,\"height\":300,\"sizeSlug\":\"full\"} --><\/p>\r\n<div class=\"wp-block-image\">\r\n<figure class=\"aligncenter size-full is-resized\"><img loading=\"lazy\" decoding=\"async\" class=\"wp-image-1025 aligncenter\" src=\"https:\/\/www.alphat2.fr\/wp-content\/uploads\/2020\/07\/c3.png\" alt=\"\" width=\"300\" height=\"300\" srcset=\"https:\/\/www.alphat2.fr\/wp-content\/uploads\/2020\/07\/c3.png 600w, https:\/\/www.alphat2.fr\/wp-content\/uploads\/2020\/07\/c3-300x300.png 300w, https:\/\/www.alphat2.fr\/wp-content\/uploads\/2020\/07\/c3-1024x1024.png 1024w, https:\/\/www.alphat2.fr\/wp-content\/uploads\/2020\/07\/c3-150x150.png 150w, https:\/\/www.alphat2.fr\/wp-content\/uploads\/2020\/07\/c3-768x768.png 768w, https:\/\/www.alphat2.fr\/wp-content\/uploads\/2020\/07\/c3-1536x1536.png 1536w, https:\/\/www.alphat2.fr\/wp-content\/uploads\/2020\/07\/c3-2048x2048.png 2048w\" sizes=\"auto, (max-width: 300px) 100vw, 300px\" \/><\/figure>\r\n<\/div>\r\n<!-- \/wp:image -->\r\n\r\n<!-- wp:paragraph {\"align\":\"center\",\"fontSize\":\"medium\"} \/-->\r\n\r\n<!-- wp:spacer \/-->\r\n\r\n<!-- wp:columns -->\r\n<div class=\"wp-block-columns\"><!-- wp:column {\"width\":10} -->\r\n<div class=\"wp-block-column\" style=\"flex-basis: 10%; text-align: center;\">\u00a0<\/div>\r\n<!-- \/wp:column -->\r\n\r\n<!-- wp:column {\"width\":80} -->\r\n<div class=\"wp-block-column\" style=\"flex-basis: 80%;\"><!-- wp:paragraph {\"align\":\"left\"} -->\r\n<p class=\"has-text-align-left\" style=\"text-align: center;\"><strong>l&#8217;Association AlphaT\u00b2 Fire Simulator Facilities<\/strong> est un jeune organisme de formation sp\u00e9cialis\u00e9e dans la cr\u00e9ation et la r\u00e9alisation d\u2019actions de formation innovantes.<\/p>\r\n<!-- \/wp:paragraph -->\r\n\r\n<!-- wp:paragraph {\"align\":\"left\"} -->\r\n<p class=\"has-text-align-left\" style=\"text-align: center;\">Cr\u00e9e en 2017 sous l&#8217;impulsion de 3 instructeurs incendie, <strong>Nicolas Struski, Cyrille Cuny <\/strong>et <strong>Fred Gouby<\/strong>, qui ont eu pour id\u00e9e de mettre en commun leurs comp\u00e9tences et exp\u00e9riences au service d&#8217;une formation innovante et d\u00e9sormais reconnue dont le slogan parle de lui m\u00eame<\/p>\r\n<!-- \/wp:paragraph -->\r\n\r\n<!-- wp:paragraph {\"align\":\"center\"} -->\r\n<p class=\"has-text-align-center\" style=\"text-align: center;\"><strong>&#8220;Comprendre avant d\u2019agir&#8221;.<\/strong><\/p>\r\n<\/div>\r\n<\/div>\r\n<p>&nbsp;<\/p>\r\n<p><img loading=\"lazy\" decoding=\"async\" class=\"aligncenter wp-image-1137\" src=\"https:\/\/www.alphat2.fr\/wp-content\/uploads\/2020\/07\/3-isntruc.png\" alt=\"\" width=\"800\" height=\"436\" srcset=\"https:\/\/www.alphat2.fr\/wp-content\/uploads\/2020\/07\/3-isntruc.png 1100w, https:\/\/www.alphat2.fr\/wp-content\/uploads\/2020\/07\/3-isntruc-768x418.png 768w\" sizes=\"auto, (max-width: 800px) 100vw, 800px\" \/><\/p>\r\n<p>&nbsp;<\/p>\r\n<h5 class=\"has-text-align-center\" style=\"text-align: center;\"><em><strong>Les concepts scientifiques nous aident \u00e0 comprendre<\/strong><\/em><\/h5>\r\n<p style=\"text-align: center;\"><!-- \/wp:paragraph --><\/p>\r\n<!-- wp:paragraph {\"align\":\"left\"} -->\r\n<p>&nbsp;<\/p>\r\n<p>&nbsp;<\/p>\r\n<p style=\"text-align: center;\"><!-- \/wp:paragraph --><\/p>\r\n<!-- wp:paragraph {\"align\":\"left\"} -->\r\n<p class=\"has-text-align-left\" style=\"text-align: center;\">L\u2019approche toute particuli\u00e8re des formations que nous r\u00e9alisons est unique puisque s\u2019appuyant sur la science pour une meilleure compr\u00e9hension des savoirs li\u00e9s \u00e0 l\u2019incendie<\/p>\r\n<p style=\"text-align: center;\"><!-- \/wp:paragraph --><\/p>\r\n<!-- wp:paragraph {\"align\":\"left\"} -->\r\n<p class=\"has-text-align-left\" style=\"text-align: center;\">Nous nous appuyons sur la mod\u00e9lisation appliqu\u00e9e \u00e0 l\u2019op\u00e9rationnel, la compr\u00e9hension scientifique et par une contextualisation permanente au travers de situations r\u00e9elles, nous permettons aux apprenants de <strong>prendre ensuite la meilleure d\u00e9cision sur intervention<\/strong>.<\/p>\r\n<p>&nbsp;<\/p>\r\n<p style=\"text-align: center;\"><!-- \/wp:paragraph --><\/p>\r\n<!-- wp:paragraph {\"align\":\"left\"} -->\r\n<p style=\"text-align: center;\"><!-- \/wp:paragraph --><\/p>\r\n<!-- wp:paragraph {\"align\":\"left\"} -->\r\n<p class=\"has-text-align-left\" style=\"text-align: center;\">Tout en respectant scrupuleusement la doctrine de l&#8217;\u00e9tablissement\u00a0 auquel ils appartiennent ( SDIS de France, structures priv\u00e9es et sapeurs-pompiers du monde entier).<\/p>\r\n<p style=\"text-align: center;\"><!-- \/wp:paragraph --><\/p>\r\n<p style=\"text-align: center;\"><!-- wp:paragraph --><\/p>\r\n<p style=\"text-align: center;\">les instructeurs d&#8217; <strong>Alpha<span class=\"has-inline-color has-vivid-cyan-blue-color\">T<\/span>\u00b2<\/strong>, sont les pr\u00e9curseurs des formations sur simulateurs foyer ferm\u00e9 classe A ( simple ou multi container) en France.<\/p>\r\n<p>&nbsp;<\/p>\r\n<p style=\"text-align: center;\"><!-- \/wp:paragraph --><\/p>\r\n<p style=\"text-align: center;\"><!-- wp:paragraph -->Ils poss\u00e8dent des centaines de brulages et des dizaines de formation de formateurs \u00e0 leur actif sur TOUT type de simulateur classe A et de ce fait poss\u00e8dent ainsi <strong>une expertise unique et reconnue<\/strong>.<\/p>\r\n<p style=\"text-align: center;\"><!-- \/wp:paragraph --><\/p>\r\n<p style=\"text-align: center;\"><!-- wp:paragraph --><\/p>\r\n<p style=\"text-align: center;\">Nos formateurs sont \u00e9videment aussi form\u00e9s aux m\u00e9thodes de l&#8217;APC, nous disposons de concepteur de formation, et de formateurs accompagnateurs.<\/p>\r\n<p>&nbsp;<\/p>\r\n<p class=\"has-text-align-center\" style=\"text-align: center;\"><strong>vous voulez <\/strong><\/p>\r\n<ol>\r\n<li style=\"text-align: center;\"><strong>une formation pour vos personnels ?<\/strong><\/li>\r\n<li style=\"text-align: center;\"><strong>Respecter les crit\u00e8res physiologiques reconnus internationalement ?<\/strong><\/li>\r\n<li style=\"text-align: center;\"><strong>Proposer des formations qui correspondent \u00e0 vos besoins ?<\/strong><\/li>\r\n<li style=\"text-align: center;\"><strong>Prot\u00e9ger vos stagiaires, vos formateurs et vos \u00e9quipements<\/strong><br \/><strong><!-- wp:paragraph {\"align\":\"center\"} --><\/strong><\/li>\r\n<li style=\"list-style-type: none;\">\r\n<ul>\r\n<li style=\"text-align: center;\"><strong><!-- \/wp:paragraph --><\/strong>\r\n<p><strong><!-- wp:paragraph {\"align\":\"center\"} --><\/strong><\/p>\r\n<\/li>\r\n<li style=\"text-align: center;\"><strong><!-- \/wp:paragraph --><\/strong>\r\n<p><strong><!-- wp:paragraph {\"align\":\"center\"} --><\/strong><\/p>\r\n<\/li>\r\n<\/ul>\r\n<\/li>\r\n<\/ol>\r\n<p><br \/><!-- wp:image {\"align\":\"center\",\"id\":1025,\"width\":300,\"height\":300,\"sizeSlug\":\"full\"} --><!-- \/wp:columns --><\/p>\r\n<!-- wp:spacer {\"height\":33} --><!-- \/wp:spacer -->\r\n\r\n<!-- wp:paragraph {\"align\":\"center\"} -->\r\n<p style=\"text-align: center;\"><!-- \/wp:paragraph --><\/p>\r\n<p class=\"has-text-align-center\" style=\"text-align: center;\"><!-- wp:paragraph {\"align\":\"center\",\"fontSize\":\"medium\"} --><\/p>\r\n<p class=\"has-text-align-center has-medium-font-size\" style=\"text-align: center;\"><strong>Alpha<span class=\"has-inline-color has-vivid-cyan-blue-color\">T<\/span>2<\/strong> a les r\u00e9ponses et peut vous aider a r\u00e9aliser de sessions de tr\u00e8s haute qualit\u00e9 avec une<strong> s\u00e9curit\u00e9 optimum<\/strong>.<\/p>\r\n<p style=\"text-align: center;\"><!-- \/wp:paragraph --><\/p>\r\n<p class=\"has-text-align-center\" style=\"text-align: center;\"><!-- wp:paragraph {\"align\":\"center\"} --><\/p>\r\n<p class=\"has-text-align-center\" style=\"text-align: center;\"><em><strong>Faire sans comprendre est s\u00fbrement aussi dangereux que de ne rien faire<\/strong><\/em><\/p>\r\n<p style=\"text-align: center;\"><!-- \/wp:paragraph --><\/p>\r\n<p class=\"has-text-align-center\" style=\"text-align: center;\"><!-- wp:paragraph {\"align\":\"center\"} --><\/p>\r\n<p class=\"has-text-align-center\" style=\"text-align: center;\">N\u2019h\u00e9sitez pas \u00e0 nous contacter pour obtenir un <a href=\"http:\/\/www.alphat2.fr\/index.php\/devis-contact\/\" target=\"_blank\" rel=\"noreferrer noopener\">devis ou de plus amples renseignements<\/a><\/p>\r\n<p style=\"text-align: center;\"><!-- \/wp:paragraph --><\/p>\r\n<p>&nbsp;<\/p><!-- \/wp:post-content -->","protected":false},"excerpt":{"rendered":"<p>Nos formateurs sont \u00e9videment aussi form\u00e9s aux m\u00e9thodes de l&#8217;APC, nous disposons de concepteur de formation, et de formateurs accompagnateurs. &nbsp; vous voulez une formation pour vos personnels ? Respecter les crit\u00e8res physiologiques reconnus internationalement ? Proposer des formations qui correspondent \u00e0 vos besoins ? Prot\u00e9ger vos stagiaires, vos formateurs et vos \u00e9quipements AlphaT2 a [&hellip;]<\/p>\n","protected":false},"author":1,"featured_media":0,"parent":0,"menu_order":0,"comment_status":"closed","ping_status":"closed","template":"page-templates\/template-canvas.php","meta":{"footnotes":""},"class_list":["post-1114","page","type-page","status-publish","hentry"],"_links":{"self":[{"href":"https:\/\/www.alphat2.fr\/index.php\/wp-json\/wp\/v2\/pages\/1114","targetHints":{"allow":["GET"]}}],"collection":[{"href":"https:\/\/www.alphat2.fr\/index.php\/wp-json\/wp\/v2\/pages"}],"about":[{"href":"https:\/\/www.alphat2.fr\/index.php\/wp-json\/wp\/v2\/types\/page"}],"author":[{"embeddable":true,"href":"https:\/\/www.alphat2.fr\/index.php\/wp-json\/wp\/v2\/users\/1"}],"replies":[{"embeddable":true,"href":"https:\/\/www.alphat2.fr\/index.php\/wp-json\/wp\/v2\/comments?post=1114"}],"version-history":[{"count":22,"href":"https:\/\/www.alphat2.fr\/index.php\/wp-json\/wp\/v2\/pages\/1114\/revisions"}],"predecessor-version":[{"id":1144,"href":"https:\/\/www.alphat2.fr\/index.php\/wp-json\/wp\/v2\/pages\/1114\/revisions\/1144"}],"wp:attachment":[{"href":"https:\/\/www.alphat2.fr\/index.php\/wp-json\/wp\/v2\/media?parent=1114"}],"curies":[{"name":"wp","href":"https:\/\/api.w.org\/{rel}","templated":true}]}}